{"id":1274,"date":"2021-04-27T17:06:27","date_gmt":"2021-04-27T15:06:27","guid":{"rendered":"http:\/\/jardindurozay.fr\/?page_id=1274"},"modified":"2021-05-10T14:06:29","modified_gmt":"2021-05-10T12:06:29","slug":"notre-demarche","status":"publish","type":"page","link":"https:\/\/jardindurozay.fr\/index.php\/notre-demarche\/","title":{"rendered":"Notre d\u00e9marche"},"content":{"rendered":"\n<p><strong>Nous travaillons en respectant les saisons et l&#8217; environnement.<\/strong><\/p>\n\n\n\n<p>Depuis 2005, pour \u00e9viter les produits chimiques nous utilisons de la toile tiss\u00e9e r\u00e9utilisable ou paillage biod\u00e9gradables pour que l&#8217; herbe ne pousse pas. Cela garantit d&#8217;avoir des l\u00e9gumes de qualit\u00e9. En parall\u00e8le<strong>,<\/strong> nous utilisons une fumure naturelle afin de r\u00e9duire significativement l&#8217;utilisation d&#8217;engrais compl\u00e9mentaires.<\/p>\n\n\n\n<p>Enfin, la r\u00e9colte de nos l\u00e9gumes est effectu\u00e9e juste avant la vente<strong> <\/strong>pour qu&#8217;ils conservent toutes les vitamines.<\/p>\n\n\n\n<p><\/p>\n\n\n\n<div class=\"wp-block-media-text alignwide is-stacked-on-mobile\" style=\"grid-template-columns:18% auto\"><figure class=\"wp-block-media-text__media\"><img loading=\"lazy\" width=\"900\" height=\"900\" src=\"http:\/\/jardindurozay.fr\/wp-content\/uploads\/2021\/05\/bienvenue-a-la-ferme.jpg\" alt=\"\" class=\"wp-image-1578\" srcset=\"https:\/\/jardindurozay.fr\/wp-content\/uploads\/2021\/05\/bienvenue-a-la-ferme.jpg 900w, https:\/\/jardindurozay.fr\/wp-content\/uploads\/2021\/05\/bienvenue-a-la-ferme-300x300.jpg 300w, https:\/\/jardindurozay.fr\/wp-content\/uploads\/2021\/05\/bienvenue-a-la-ferme-150x150.jpg 150w, https:\/\/jardindurozay.fr\/wp-content\/uploads\/2021\/05\/bienvenue-a-la-ferme-768x768.jpg 768w, https:\/\/jardindurozay.fr\/wp-content\/uploads\/2021\/05\/bienvenue-a-la-ferme-500x500.jpg 500w, https:\/\/jardindurozay.fr\/wp-content\/uploads\/2021\/05\/bienvenue-a-la-ferme-600x600.jpg 600w, https:\/\/jardindurozay.fr\/wp-content\/uploads\/2021\/05\/bienvenue-a-la-ferme-100x100.jpg 100w\" sizes=\"(max-width: 900px) 100vw, 900px\" \/><\/figure><div class=\"wp-block-media-text__content\">\n<p><\/p>\n\n\n\n<p>Afin de nous am\u00e9liorer de jour en jour nous avons adh\u00e9r\u00e9 \u00e0 l&#8217;association &#8220;bienvenue \u00e0 la ferme&#8221;. Cette association d\u00e9fend les produits du terroir, une cause qui nous tient \u00e0 coeur. De plus, nous soutenons leur charte qui favorise la qualit\u00e9 et la tra\u00e7abilit\u00e9 du produit que proposent les producteurs aux consommateurs.<\/p>\n\n\n\n<p>Enfin, les membres de l&#8217;association forment&nbsp; une \u00e9quipe soud\u00e9e, ce qui permet d&#8217; intervenir en cas de d\u00e9rives.<\/p>\n<\/div><\/div>\n\n\n\n<p><\/p>\n","protected":false},"excerpt":{"rendered":"<p>Nous travaillons en respectant les saisons et l&#8217; environnement. Depuis 2005, pour \u00e9viter les produits chimiques nous utilisons de la toile tiss\u00e9e r\u00e9utilisable ou paillage biod\u00e9gradables pour que l&#8217; herbe ne pousse pas. Cela garantit d&#8217;avoir des l\u00e9gumes de qualit\u00e9. En parall\u00e8le, nous utilisons une fumure naturelle afin de r\u00e9duire significativement l&#8217;utilisation d&#8217;engrais compl\u00e9mentaires. Enfin, la r\u00e9colte de nos l\u00e9gumes&#8230;<\/p>\n<div><a href=\"https:\/\/jardindurozay.fr\/index.php\/notre-demarche\/\" class=\"view-more\"><span>View more<\/span><\/a><\/div>\n","protected":false},"author":1,"featured_media":0,"parent":0,"menu_order":0,"comment_status":"closed","ping_status":"closed","template":"","meta":{"advgb_blocks_editor_width":"","advgb_blocks_columns_visual_guide":"","wprm-recipe-roundup-name":"","wprm-recipe-roundup-description":""},"coauthors":[],"author_meta":{"author_link":"https:\/\/jardindurozay.fr\/index.php\/author\/admin5507\/","display_name":"admin5507"},"relative_dates":{"created":"Posted 5 ans ago","modified":"Updated 5 ans ago"},"absolute_dates":{"created":"Posted on 27 avril 2021","modified":"Updated on 10 mai 2021"},"absolute_dates_time":{"created":"Posted on 27 avril 2021 17h06","modified":"Updated on 10 mai 2021 14h06"},"featured_img_caption":"","_links":{"self":[{"href":"https:\/\/jardindurozay.fr\/index.php\/wp-json\/wp\/v2\/pages\/1274"}],"collection":[{"href":"https:\/\/jardindurozay.fr\/index.php\/wp-json\/wp\/v2\/pages"}],"about":[{"href":"https:\/\/jardindurozay.fr\/index.php\/wp-json\/wp\/v2\/types\/page"}],"author":[{"embeddable":true,"href":"https:\/\/jardindurozay.fr\/index.php\/wp-json\/wp\/v2\/users\/1"}],"replies":[{"embeddable":true,"href":"https:\/\/jardindurozay.fr\/index.php\/wp-json\/wp\/v2\/comments?post=1274"}],"version-history":[{"count":7,"href":"https:\/\/jardindurozay.fr\/index.php\/wp-json\/wp\/v2\/pages\/1274\/revisions"}],"predecessor-version":[{"id":1616,"href":"https:\/\/jardindurozay.fr\/index.php\/wp-json\/wp\/v2\/pages\/1274\/revisions\/1616"}],"wp:attachment":[{"href":"https:\/\/jardindurozay.fr\/index.php\/wp-json\/wp\/v2\/media?parent=1274"}],"curies":[{"name":"wp","href":"https:\/\/api.w.org\/{rel}","templated":true}]}}