{"id":238,"date":"2015-12-25T09:56:56","date_gmt":"2015-12-25T09:56:56","guid":{"rendered":"http:\/\/wp.nootheme.com\/organici\/dummy\/bakery\/?page_id=238"},"modified":"2021-05-05T11:32:06","modified_gmt":"2021-05-05T09:32:06","slug":"contact","status":"publish","type":"page","link":"https:\/\/jardindurozay.fr\/index.php\/contact\/","title":{"rendered":"Contact et acc\u00e8s"},"content":{"rendered":"<p>[vc_row][vc_column][vc_zigzag color=&#8221;white&#8221;][vc_zigzag color=&#8221;white&#8221;][\/vc_column][\/vc_row][vc_row][vc_column][vc_column_text]<\/p>\n<p style=\"text-align: center;\"><strong>Vous avez une question ? vous souhaitez nous contacter ?\u00a0<\/strong><\/p>\n<p style=\"text-align: center;\"><strong>Merci de remplir le formulaire ci-dessous. nous vous r\u00e9pondrons au plus vite ! \ud83d\ude42 A bient\u00f4t !\u00a0<\/strong><\/p>\n<p>[\/vc_column_text][\/vc_column][\/vc_row][vc_row container_width=&#8221;yes&#8221; css=&#8221;.vc_custom_1450079391710{padding-top: 100px !important;}&#8221;][vc_column width=&#8221;1\/2&#8243; el_class=&#8221;noo_image_left&#8221;]<div role=\"form\" class=\"wpcf7\" id=\"wpcf7-f6-o1\" lang=\"fr-FR\" dir=\"ltr\">\n<div class=\"screen-reader-response\"><p role=\"status\" aria-live=\"polite\" aria-atomic=\"true\"><\/p> <ul><\/ul><\/div>\n<form action=\"\/index.php\/wp-json\/wp\/v2\/pages\/238#wpcf7-f6-o1\" method=\"post\" class=\"wpcf7-form init\" novalidate=\"novalidate\" data-status=\"init\">\n<div style=\"display: none;\">\n<input type=\"hidden\" name=\"_wpcf7\" value=\"6\" \/>\n<input type=\"hidden\" name=\"_wpcf7_version\" value=\"5.4\" \/>\n<input type=\"hidden\" name=\"_wpcf7_locale\" value=\"fr_FR\" \/>\n<input type=\"hidden\" name=\"_wpcf7_unit_tag\" value=\"wpcf7-f6-o1\" \/>\n<input type=\"hidden\" name=\"_wpcf7_container_post\" value=\"0\" \/>\n<input type=\"hidden\" name=\"_wpcf7_posted_data_hash\" value=\"\" \/>\n<input type=\"hidden\" name=\"_wpcf7_recaptcha_response\" value=\"\" \/>\n<\/div>\n<p><label> Votre nom<br \/>\n    <span class=\"wpcf7-form-control-wrap your-name\"><input type=\"text\" name=\"your-name\" value=\"\" size=\"40\" class=\"wpcf7-form-control wpcf7-text wpcf7-validates-as-required\" aria-required=\"true\" aria-invalid=\"false\" \/><\/span> <\/label><\/p>\n<p><label> Votre e-mail<br \/>\n    <span class=\"wpcf7-form-control-wrap your-email\"><input type=\"email\" name=\"your-email\" value=\"\" size=\"40\" class=\"wpcf7-form-control wpcf7-text wpcf7-email wpcf7-validates-as-required wpcf7-validates-as-email\" aria-required=\"true\" aria-invalid=\"false\" \/><\/span> <\/label><\/p>\n<p><label> Objet<br \/>\n    <span class=\"wpcf7-form-control-wrap your-subject\"><input type=\"text\" name=\"your-subject\" value=\"\" size=\"40\" class=\"wpcf7-form-control wpcf7-text wpcf7-validates-as-required\" aria-required=\"true\" aria-invalid=\"false\" \/><\/span> <\/label><\/p>\n<p><label> Votre message<br \/>\n    <span class=\"wpcf7-form-control-wrap your-message\"><textarea name=\"your-message\" cols=\"40\" rows=\"10\" class=\"wpcf7-form-control wpcf7-textarea\" aria-invalid=\"false\"><\/textarea><\/span> <\/label><\/p>\n<p><input type=\"submit\" value=\"Envoyer\" class=\"wpcf7-form-control wpcf7-submit\" \/><\/p>\n<div class=\"wpcf7-response-output\" aria-hidden=\"true\"><\/div><\/form><\/div>[\/vc_column][vc_column width=&#8221;1\/2&#8243;][vc_column_text]Ci apr\u00e8s le plan d&#8217;acc\u00e8s pour arriver \u00e0 l&#8217;exploitation<\/p>\n<p>&nbsp;<\/p>\n<p>[\/vc_column_text][vc_raw_html]JTNDaWZyYW1lJTIwc3JjJTNEJTIyaHR0cHMlM0ElMkYlMkZ3d3cuZ29vZ2xlLmNvbSUyRm1hcHMlMkZkJTJGdSUyRjAlMkZlbWJlZCUzRm1pZCUzRDFtUHNDdHlYOURSbl9hb0FfWm5KcERiemlhZ0hqV3JfNCUyMiUyMHdpZHRoJTNEJTIyNjQwJTIyJTIwaGVpZ2h0JTNEJTIyNDgwJTIyJTNFJTNDJTJGaWZyYW1lJTNF[\/vc_raw_html][\/vc_column][\/vc_row]<\/p>\n","protected":false},"excerpt":{"rendered":"<p>[vc_row][vc_column][vc_zigzag color=&#8221;white&#8221;][vc_zigzag color=&#8221;white&#8221;][\/vc_column][\/vc_row][vc_row][vc_column][vc_column_text] Vous avez une question ? vous souhaitez nous contacter ?\u00a0 Merci de remplir le formulaire ci-dessous. nous vous r\u00e9pondrons au plus vite ! \ud83d\ude42 A bient\u00f4t !\u00a0 [\/vc_column_text][\/vc_column][\/vc_row][vc_row container_width=&#8221;yes&#8221; css=&#8221;.vc_custom_1450079391710{padding-top: 100px !important;}&#8221;][vc_column width=&#8221;1\/2&#8243; el_class=&#8221;noo_image_left&#8221;][\/vc_column][vc_column width=&#8221;1\/2&#8243;][vc_column_text]Ci apr\u00e8s le plan d&#8217;acc\u00e8s pour arriver \u00e0 l&#8217;exploitation  [\/vc_column_text][vc_raw_html]JTNDaWZyYW1lJTIwc3JjJTNEJTIyaHR0cHMlM0ElMkYlMkZ3d3cuZ29vZ2xlLmNvbSUyRm1hcHMlMkZkJTJGdSUyRjAlMkZlbWJlZCUzRm1pZCUzRDFtUHNDdHlYOURSbl9hb0FfWm5KcERiemlhZ0hqV3JfNCUyMiUyMHdpZHRoJTNEJTIyNjQwJTIyJTIwaGVpZ2h0JTNEJTIyNDgwJTIyJTNFJTNDJTJGaWZyYW1lJTNF[\/vc_raw_html][\/vc_column][\/vc_row]<\/p>\n","protected":false},"author":1,"featured_media":0,"parent":0,"menu_order":0,"comment_status":"closed","ping_status":"closed","template":"page-full-width.php","meta":{"advgb_blocks_editor_width":"","advgb_blocks_columns_visual_guide":"","wprm-recipe-roundup-name":"","wprm-recipe-roundup-description":""},"coauthors":[],"author_meta":{"author_link":"https:\/\/jardindurozay.fr\/index.php\/author\/admin5507\/","display_name":"admin5507"},"relative_dates":{"created":"Posted 10 ans ago","modified":"Updated 5 ans ago"},"absolute_dates":{"created":"Posted on 25 d\u00e9cembre 2015","modified":"Updated on 5 mai 2021"},"absolute_dates_time":{"created":"Posted on 25 d\u00e9cembre 2015 9h56","modified":"Updated on 5 mai 2021 11h32"},"featured_img_caption":"","_links":{"self":[{"href":"https:\/\/jardindurozay.fr\/index.php\/wp-json\/wp\/v2\/pages\/238"}],"collection":[{"href":"https:\/\/jardindurozay.fr\/index.php\/wp-json\/wp\/v2\/pages"}],"about":[{"href":"https:\/\/jardindurozay.fr\/index.php\/wp-json\/wp\/v2\/types\/page"}],"author":[{"embeddable":true,"href":"https:\/\/jardindurozay.fr\/index.php\/wp-json\/wp\/v2\/users\/1"}],"replies":[{"embeddable":true,"href":"https:\/\/jardindurozay.fr\/index.php\/wp-json\/wp\/v2\/comments?post=238"}],"version-history":[{"count":5,"href":"https:\/\/jardindurozay.fr\/index.php\/wp-json\/wp\/v2\/pages\/238\/revisions"}],"predecessor-version":[{"id":1592,"href":"https:\/\/jardindurozay.fr\/index.php\/wp-json\/wp\/v2\/pages\/238\/revisions\/1592"}],"wp:attachment":[{"href":"https:\/\/jardindurozay.fr\/index.php\/wp-json\/wp\/v2\/media?parent=238"}],"curies":[{"name":"wp","href":"https:\/\/api.w.org\/{rel}","templated":true}]}}