{"id":536,"date":"2015-12-07T08:02:32","date_gmt":"2015-12-07T08:02:32","guid":{"rendered":"http:\/\/wp.nootheme.com\/organici\/dummy\/?page_id=536"},"modified":"2022-02-21T16:31:29","modified_gmt":"2022-02-21T15:31:29","slug":"homepage-2","status":"publish","type":"page","link":"https:\/\/jardindurozay.fr\/","title":{"rendered":"Homepage 2"},"content":{"rendered":"<p>[vc_row][vc_column][\/vc_column][\/vc_row][vc_row container_width=&#8221;yes&#8221; content_placement=&#8221;middle&#8221; css=&#8221;.vc_custom_1620220822557{padding-top: 100px !important;padding-right: 100px !important;padding-bottom: 100px !important;padding-left: 100px !important;background-color: #fcfcfc !important;}&#8221;][vc_column css=&#8221;.vc_custom_1619106900491{background-position: center !important;background-repeat: no-repeat !important;background-size: cover !important;}&#8221;]                <div class=\"noo-row noo-our_story\">\n                    <div class=\"noo-md-6 noo-sm-6\">\n                        <h2>Notre exploitation<\/h2>\n                        <div class=\"our_story_content\">\n                            <p>Bienvenue sur notre site ! Nous sommes maraichers sur le plateau de Condrieu dans le Rh\u00f4ne. Nous produisons des l\u00e9gumes de saison sur notre exploitation de 17 hectares.<\/p>\n<p>Nous cultivons une soixantaine de vari\u00e9t\u00e9s de l\u00e9gumes dans l&#8217;ann\u00e9e. Ils sont cueillis \u00e0 bonne maturit\u00e9\u00a0 pour que vous, consommateurs, achetiez des produits frais de saison et d&#8217;excellente qualit\u00e9. D\u00e9plus, afin de participer a\u0300 la protection de l\u2019environnement et de la sante\u0301 de nos consommateurs, nous cultivons nos le\u0301gumes le plus sainement possible<\/p>\n<p class=\"presentation_ferme\">Sur l&#8217;exploitation nous avons 1500m\u00b2 serres qui nous servent pour nos l\u00e9gumes fragiles, le reste est cultiv\u00e9 en plein champ.<\/p>\n<h3>Nous travaillons en respectant les saisons et l&#8217;environnement.<\/h3>\n                        <\/div>\n                                                                            <p class=\"text-center\">\n                                <a href=\"http:\/\/jardindurozay.fr\/index.php\/notre-demarche\/\">En savoir plus sur notre d\u00e9marche<\/a>\n                            <\/p>\n                                            <\/div>\n                    <div class=\"noo-md-6 noo-sm-6\">\n                        <ul id=\"elasticstack-69ea0b6a4f13d\" class=\"elasticstack\">\n                            <li><div class=\"image-elastickstack\" style=\"background-image: url(https:\/\/jardindurozay.fr\/wp-content\/uploads\/2021\/06\/IMG_3051-scaled.jpg)\"><\/div><\/li>                        <\/ul>\n\n                    <\/div>\n                <\/div>\n            <script>\n                jQuery(document).ready(function(){\n                    new ElastiStack( document.getElementById( 'elasticstack-69ea0b6a4f13d' ) );\n                })\n            <\/script>\n            [vc_empty_space height=&#8221;45&#8243;][vc_single_image image=&#8221;1578&#8243; img_size=&#8221;medium&#8221; alignment=&#8221;center&#8221;][\/vc_column][\/vc_row][vc_row container_width=&#8221;yes&#8221; css=&#8221;.vc_custom_1619513407379{padding-top: 95px !important;padding-bottom: 100px !important;background-image: url(http:\/\/jardindurozay.fr\/wp-content\/uploads\/2021\/04\/Sans-titre-3-scaled.jpg?id=1244) !important;background-position: center !important;background-repeat: no-repeat !important;background-size: cover !important;}&#8221;][vc_column][\/vc_column][\/vc_row][vc_row container_width=&#8221;yes&#8221; css=&#8221;.vc_custom_1449480707558{padding-top: 105px !important;padding-bottom: 40px !important;}&#8221;][vc_column][vc_column_text]<\/p>\n<h1 style=\"text-align: center;\"><em><strong>Ici, on plante, on r\u00e9colte, on vend !\u00a0<\/strong><\/em><\/h1>\n<p>[\/vc_column_text][vc_empty_space height=&#8221;45&#8243;]                                    <div class=\"noo-sh-title noo-blog-title\">\n                        <h2>D\u00e9couvrez nos produits !<\/h2>\n                        <p>Ci-apr\u00e8s une s\u00e9lection de nos produits !<\/p>                    <\/div>\n                            <div class=\"woocommerce columns-4 \"><div class=\"products noo-row product-grid noo-product-grid\" ><div class=\"legumes-tubercules masonry-item noo-product-column noo-md-4 noo-sm-6 post-1477 product type-product status-publish has-post-thumbnail hentry product_cat-legumes-tubercules has-featured\">\n    <div class=\"noo-product-inner\">\n                <a href=\"https:\/\/jardindurozay.fr\/index.php\/produit\/pdt-charlotte-130e-kg\/\" class=\"noo-link-thumbail\">\n\n                        <div class=\"noo-product-thumbnail\">\r\n                <img width=\"236\" height=\"300\" src=\"https:\/\/jardindurozay.fr\/wp-content\/uploads\/2021\/04\/europ-unit.jpg\" class=\"attachment-240x300 size-240x300 wp-post-image\" alt=\"\" loading=\"lazy\" srcset=\"https:\/\/jardindurozay.fr\/wp-content\/uploads\/2021\/04\/europ-unit.jpg 600w, https:\/\/jardindurozay.fr\/wp-content\/uploads\/2021\/04\/europ-unit-236x300.jpg 236w, https:\/\/jardindurozay.fr\/wp-content\/uploads\/2021\/04\/europ-unit-260x330.jpg 260w\" sizes=\"(max-width: 236px) 100vw, 236px\" \/><div class=\"noo-rating\"><div class=\"star-rating\" title=\"Rated 0 out of 5\"><span style=\"width:0%\"><strong class=\"rating\">0<\/strong> out of 5<\/span><\/div><\/div>            <\/div>\r\n        \n        <\/a>\n\n        <div class=\"noo-product-title\">        <h3><a href=\"https:\/\/jardindurozay.fr\/index.php\/produit\/pdt-charlotte-130e-kg\/\">PDT charlotte (1,40\u20ac\/kg)<\/a><\/h3>\n                <div class=\"noo-product-excerpt\">\r\n            <p>Pr\u00e9voir environ 250g\/personne<\/p>\n<p>Le prix sera recalcul\u00e9 au moment du retrait de la commande en fonction du poids exact des produits command\u00e9s.<\/p>\n<p>NOUVELLE RECOLTE<\/p>\n        <\/div>\r\n                \t        \t<div class=\"noo-product-quantity\">\r\n        \t\t5        \t<\/div>\r\n            <div class=\"noo-product-action\">\r\n                <div class=\"noo-action\">\r\n                    <a href=\"#\" data-id=\"1477\" class=\"noo-qucik-view\"><i class=\"fa fa-search\"><\/i><span>Quick view<\/span><\/a>\r\n                    <a href=\"https:\/\/jardindurozay.fr\/index.php\/produit\/pdt-charlotte-130e-kg\/\" rel=\"nofollow\" data-product_id=\"1477\" data-product_sku=\"\" class=\"button add_to_cart_button product_type_variable\">Choix des options<\/a>            <a href=\"https:\/\/jardindurozay.fr\/index.php\/produit\/pdt-charlotte-130e-kg\/\" class=\"link-detail\"><i class=\"fa fa-link\"><\/i><span>View detail<\/span><\/a>\r\n                        <\/div>\r\n            <\/div>\r\n        <\/div>    <\/div>\n<\/div>\n<div class=\"huiles masonry-item noo-product-column noo-md-4 noo-sm-6 post-1241 product type-product status-publish has-post-thumbnail hentry product_cat-huiles has-featured\">\n    <div class=\"noo-product-inner\">\n                <a href=\"https:\/\/jardindurozay.fr\/index.php\/produit\/huile-de-colza\/\" class=\"noo-link-thumbail\">\n\n                        <div class=\"noo-product-thumbnail\">\r\n                <img width=\"236\" height=\"300\" src=\"https:\/\/jardindurozay.fr\/wp-content\/uploads\/2021\/04\/huile_Plan-de-travail-1-scaled.jpg\" class=\"attachment-240x300 size-240x300 wp-post-image\" alt=\"\" loading=\"lazy\" srcset=\"https:\/\/jardindurozay.fr\/wp-content\/uploads\/2021\/04\/huile_Plan-de-travail-1-scaled.jpg 2016w, https:\/\/jardindurozay.fr\/wp-content\/uploads\/2021\/04\/huile_Plan-de-travail-1-236x300.jpg 236w, https:\/\/jardindurozay.fr\/wp-content\/uploads\/2021\/04\/huile_Plan-de-travail-1-806x1024.jpg 806w, https:\/\/jardindurozay.fr\/wp-content\/uploads\/2021\/04\/huile_Plan-de-travail-1-768x975.jpg 768w, https:\/\/jardindurozay.fr\/wp-content\/uploads\/2021\/04\/huile_Plan-de-travail-1-1209x1536.jpg 1209w, https:\/\/jardindurozay.fr\/wp-content\/uploads\/2021\/04\/huile_Plan-de-travail-1-1613x2048.jpg 1613w, https:\/\/jardindurozay.fr\/wp-content\/uploads\/2021\/04\/huile_Plan-de-travail-1-260x330.jpg 260w, https:\/\/jardindurozay.fr\/wp-content\/uploads\/2021\/04\/huile_Plan-de-travail-1-600x762.jpg 600w\" sizes=\"(max-width: 236px) 100vw, 236px\" \/><div class=\"noo-rating\"><div class=\"star-rating\" title=\"Rated 0 out of 5\"><span style=\"width:0%\"><strong class=\"rating\">0<\/strong> out of 5<\/span><\/div><\/div>            <\/div>\r\n        \n        <\/a>\n\n        <div class=\"noo-product-title\">        <h3><a href=\"https:\/\/jardindurozay.fr\/index.php\/produit\/huile-de-colza\/\">Huile de colza<\/a><\/h3>\n                <div class=\"noo-product-excerpt\">\r\n            <p>Bouteille de 50CL<\/p>\n        <\/div>\r\n                \t        \t<div class=\"noo-product-quantity\">\r\n        \t\t7        \t<\/div>\r\n            <div class=\"noo-product-action\">\r\n                <div class=\"noo-action\">\r\n                    <a href=\"#\" data-id=\"1241\" class=\"noo-qucik-view\"><i class=\"fa fa-search\"><\/i><span>Quick view<\/span><\/a>\r\n                    <a rel=\"nofollow\" href=\"?add-to-cart=1241\" data-quantity=\"1\" data-product_id=\"1241\" data-product_sku=\"\" class=\"button product_type_simple add_to_cart_button ajax_add_to_cart\"><span>Ajouter au panier<\/span><\/a>            <a href=\"https:\/\/jardindurozay.fr\/index.php\/produit\/huile-de-colza\/\" class=\"link-detail\"><i class=\"fa fa-link\"><\/i><span>View detail<\/span><\/a>\r\n                        <\/div>\r\n            <\/div>\r\n        <\/div>    <\/div>\n<\/div>\n<div class=\"salades masonry-item noo-product-column noo-md-4 noo-sm-6 post-1644 product type-product status-publish has-post-thumbnail hentry product_cat-salades has-featured\">\n    <div class=\"noo-product-inner\">\n                <a href=\"https:\/\/jardindurozay.fr\/index.php\/produit\/trio-de-salade-surprise\/\" class=\"noo-link-thumbail\">\n\n                        <div class=\"noo-product-thumbnail\">\r\n                <img width=\"236\" height=\"300\" src=\"https:\/\/jardindurozay.fr\/wp-content\/uploads\/2021\/05\/trio-salade.jpg\" class=\"attachment-240x300 size-240x300 wp-post-image\" alt=\"\" loading=\"lazy\" srcset=\"https:\/\/jardindurozay.fr\/wp-content\/uploads\/2021\/05\/trio-salade.jpg 600w, https:\/\/jardindurozay.fr\/wp-content\/uploads\/2021\/05\/trio-salade-236x300.jpg 236w, https:\/\/jardindurozay.fr\/wp-content\/uploads\/2021\/05\/trio-salade-260x330.jpg 260w\" sizes=\"(max-width: 236px) 100vw, 236px\" \/><div class=\"noo-rating\"><div class=\"star-rating\" title=\"Rated 0 out of 5\"><span style=\"width:0%\"><strong class=\"rating\">0<\/strong> out of 5<\/span><\/div><\/div>            <\/div>\r\n        \n        <\/a>\n\n        <div class=\"noo-product-title\">        <h3><a href=\"https:\/\/jardindurozay.fr\/index.php\/produit\/trio-de-salade-surprise\/\">Trio de salade<\/a><\/h3>\n                <div class=\"noo-product-excerpt\">\r\n                    <\/div>\r\n                \t        \t<div class=\"noo-product-quantity\">\r\n        \t\t        \t<\/div>\r\n            <div class=\"noo-product-action\">\r\n                <div class=\"noo-action\">\r\n                    <a href=\"#\" data-id=\"1644\" class=\"noo-qucik-view\"><i class=\"fa fa-search\"><\/i><span>Quick view<\/span><\/a>\r\n                    <a rel=\"nofollow\" href=\"?add-to-cart=1644\" data-quantity=\"1\" data-product_id=\"1644\" data-product_sku=\"\" class=\"button product_type_simple add_to_cart_button ajax_add_to_cart\"><span>Ajouter au panier<\/span><\/a>            <a href=\"https:\/\/jardindurozay.fr\/index.php\/produit\/trio-de-salade-surprise\/\" class=\"link-detail\"><i class=\"fa fa-link\"><\/i><span>View detail<\/span><\/a>\r\n                        <\/div>\r\n            <\/div>\r\n        <\/div>    <\/div>\n<\/div>\n<div class=\"legumes-feuilles masonry-item noo-product-column noo-md-4 noo-sm-6 post-1752 product type-product status-publish has-post-thumbnail hentry product_cat-legumes-feuilles has-featured\">\n    <div class=\"noo-product-inner\">\n                <a href=\"https:\/\/jardindurozay.fr\/index.php\/produit\/chou-rouge-2\/\" class=\"noo-link-thumbail\">\n\n                        <div class=\"noo-product-thumbnail\">\r\n                <img width=\"234\" height=\"300\" src=\"https:\/\/jardindurozay.fr\/wp-content\/uploads\/2021\/05\/chou-rouge-01.jpg\" class=\"attachment-240x300 size-240x300 wp-post-image\" alt=\"\" loading=\"lazy\" srcset=\"https:\/\/jardindurozay.fr\/wp-content\/uploads\/2021\/05\/chou-rouge-01.jpg 595w, https:\/\/jardindurozay.fr\/wp-content\/uploads\/2021\/05\/chou-rouge-01-234x300.jpg 234w\" sizes=\"(max-width: 234px) 100vw, 234px\" \/><div class=\"noo-rating\"><div class=\"star-rating\" title=\"Rated 0 out of 5\"><span style=\"width:0%\"><strong class=\"rating\">0<\/strong> out of 5<\/span><\/div><\/div>            <\/div>\r\n        \n        <\/a>\n\n        <div class=\"noo-product-title\">        <h3><a href=\"https:\/\/jardindurozay.fr\/index.php\/produit\/chou-rouge-2\/\">Chou rouge (1,60\u20ac\/kg)<\/a><\/h3>\n                <div class=\"noo-product-excerpt\">\r\n            <p>Pr\u00e9voir environ 150-180g\/personne cru<\/p>\n<p>Le prix sera recalcul\u00e9 au moment du retrait de la commande en fonction du poids exact des produits command\u00e9s.<\/p>\n        <\/div>\r\n                \t        \t<div class=\"noo-product-quantity\">\r\n        \t\t9        \t<\/div>\r\n            <div class=\"noo-product-action\">\r\n                <div class=\"noo-action\">\r\n                    <a href=\"#\" data-id=\"1752\" class=\"noo-qucik-view\"><i class=\"fa fa-search\"><\/i><span>Quick view<\/span><\/a>\r\n                    <a href=\"https:\/\/jardindurozay.fr\/index.php\/produit\/chou-rouge-2\/\" rel=\"nofollow\" data-product_id=\"1752\" data-product_sku=\"\" class=\"button add_to_cart_button product_type_variable\">Choix des options<\/a>            <a href=\"https:\/\/jardindurozay.fr\/index.php\/produit\/chou-rouge-2\/\" class=\"link-detail\"><i class=\"fa fa-link\"><\/i><span>View detail<\/span><\/a>\r\n                        <\/div>\r\n            <\/div>\r\n        <\/div>    <\/div>\n<\/div>\n<div class=\"legumes-racines masonry-item noo-product-column noo-md-4 noo-sm-6 post-2507 product type-product status-publish has-post-thumbnail hentry product_cat-legumes-racines has-featured\">\n    <div class=\"noo-product-inner\">\n                <a href=\"https:\/\/jardindurozay.fr\/index.php\/produit\/navet-1-90e-kg\/\" class=\"noo-link-thumbail\">\n\n                        <div class=\"noo-product-thumbnail\">\r\n                <img width=\"240\" height=\"160\" src=\"https:\/\/jardindurozay.fr\/wp-content\/uploads\/2021\/11\/IMG_8478-scaled.jpeg\" class=\"attachment-240x300 size-240x300 wp-post-image\" alt=\"\" loading=\"lazy\" srcset=\"https:\/\/jardindurozay.fr\/wp-content\/uploads\/2021\/11\/IMG_8478-scaled.jpeg 2560w, https:\/\/jardindurozay.fr\/wp-content\/uploads\/2021\/11\/IMG_8478-300x200.jpeg 300w, https:\/\/jardindurozay.fr\/wp-content\/uploads\/2021\/11\/IMG_8478-1024x683.jpeg 1024w, https:\/\/jardindurozay.fr\/wp-content\/uploads\/2021\/11\/IMG_8478-768x512.jpeg 768w, https:\/\/jardindurozay.fr\/wp-content\/uploads\/2021\/11\/IMG_8478-1536x1024.jpeg 1536w, https:\/\/jardindurozay.fr\/wp-content\/uploads\/2021\/11\/IMG_8478-2048x1365.jpeg 2048w, https:\/\/jardindurozay.fr\/wp-content\/uploads\/2021\/11\/IMG_8478-600x400.jpeg 600w\" sizes=\"(max-width: 240px) 100vw, 240px\" \/><div class=\"noo-rating\"><div class=\"star-rating\" title=\"Rated 0 out of 5\"><span style=\"width:0%\"><strong class=\"rating\">0<\/strong> out of 5<\/span><\/div><\/div>            <\/div>\r\n        \n        <\/a>\n\n        <div class=\"noo-product-title\">        <h3><a href=\"https:\/\/jardindurozay.fr\/index.php\/produit\/navet-1-90e-kg\/\">navet (1.90\u20ac\/kg)<\/a><\/h3>\n                <div class=\"noo-product-excerpt\">\r\n            <p>Pr\u00e9voir environ 200g \/personne<\/p>\n<p>Le prix sera recalcul\u00e9 au moment du retrait de la commande en fonction du poids exact des produits command\u00e9s.<\/p>\n        <\/div>\r\n                \t        \t<div class=\"noo-product-quantity\">\r\n        \t\t15.75        \t<\/div>\r\n            <div class=\"noo-product-action\">\r\n                <div class=\"noo-action\">\r\n                    <a href=\"#\" data-id=\"2507\" class=\"noo-qucik-view\"><i class=\"fa fa-search\"><\/i><span>Quick view<\/span><\/a>\r\n                    <a href=\"https:\/\/jardindurozay.fr\/index.php\/produit\/navet-1-90e-kg\/\" rel=\"nofollow\" data-product_id=\"2507\" data-product_sku=\"\" class=\"button add_to_cart_button product_type_variable\">Choix des options<\/a>            <a href=\"https:\/\/jardindurozay.fr\/index.php\/produit\/navet-1-90e-kg\/\" class=\"link-detail\"><i class=\"fa fa-link\"><\/i><span>View detail<\/span><\/a>\r\n                        <\/div>\r\n            <\/div>\r\n        <\/div>    <\/div>\n<\/div>\n<div class=\"legumes-secs masonry-item noo-product-column noo-md-4 noo-sm-6 post-3844 product type-product status-publish has-post-thumbnail hentry product_cat-legumes-secs has-featured\">\n    <div class=\"noo-product-inner\">\n                <a href=\"https:\/\/jardindurozay.fr\/index.php\/produit\/lentilles-1-kg-600e-le-sachet\/\" class=\"noo-link-thumbail\">\n\n                        <div class=\"noo-product-thumbnail\">\r\n                <img width=\"240\" height=\"160\" src=\"https:\/\/jardindurozay.fr\/wp-content\/uploads\/2021\/05\/IMG_8482-scaled.jpeg\" class=\"attachment-240x300 size-240x300 wp-post-image\" alt=\"\" loading=\"lazy\" srcset=\"https:\/\/jardindurozay.fr\/wp-content\/uploads\/2021\/05\/IMG_8482-scaled.jpeg 2560w, https:\/\/jardindurozay.fr\/wp-content\/uploads\/2021\/05\/IMG_8482-300x200.jpeg 300w, https:\/\/jardindurozay.fr\/wp-content\/uploads\/2021\/05\/IMG_8482-1024x683.jpeg 1024w, https:\/\/jardindurozay.fr\/wp-content\/uploads\/2021\/05\/IMG_8482-768x512.jpeg 768w, https:\/\/jardindurozay.fr\/wp-content\/uploads\/2021\/05\/IMG_8482-1536x1024.jpeg 1536w, https:\/\/jardindurozay.fr\/wp-content\/uploads\/2021\/05\/IMG_8482-2048x1365.jpeg 2048w, https:\/\/jardindurozay.fr\/wp-content\/uploads\/2021\/05\/IMG_8482-600x400.jpeg 600w\" sizes=\"(max-width: 240px) 100vw, 240px\" \/><div class=\"noo-rating\"><div class=\"star-rating\" title=\"Rated 0 out of 5\"><span style=\"width:0%\"><strong class=\"rating\">0<\/strong> out of 5<\/span><\/div><\/div>            <\/div>\r\n        \n        <\/a>\n\n        <div class=\"noo-product-title\">        <h3><a href=\"https:\/\/jardindurozay.fr\/index.php\/produit\/lentilles-1-kg-600e-le-sachet\/\">Lentilles 1 kg (6,00\u20ac le sachet)<\/a><\/h3>\n                <div class=\"noo-product-excerpt\">\r\n            <p>6,00\u20ac le sachet de 1 kg<\/p>\n        <\/div>\r\n                \t        \t<div class=\"noo-product-quantity\">\r\n        \t\t10        \t<\/div>\r\n            <div class=\"noo-product-action\">\r\n                <div class=\"noo-action\">\r\n                    <a href=\"#\" data-id=\"3844\" class=\"noo-qucik-view\"><i class=\"fa fa-search\"><\/i><span>Quick view<\/span><\/a>\r\n                    <a rel=\"nofollow\" href=\"https:\/\/jardindurozay.fr\/index.php\/produit\/lentilles-1-kg-600e-le-sachet\/\" data-quantity=\"1\" data-product_id=\"3844\" data-product_sku=\"\" class=\"button product_type_variable add_to_cart_button\"><span>Choix des options<\/span><\/a>            <a href=\"https:\/\/jardindurozay.fr\/index.php\/produit\/lentilles-1-kg-600e-le-sachet\/\" class=\"link-detail\"><i class=\"fa fa-link\"><\/i><span>View detail<\/span><\/a>\r\n                        <\/div>\r\n            <\/div>\r\n        <\/div>    <\/div>\n<\/div>\n<\/div><\/div>[vc_zigzag color=&#8221;white&#8221;][vc_zigzag color=&#8221;white&#8221;][vc_btn title=&#8221;D\u00e9couvrez tous nos produits !!&#8221; style=&#8221;classic&#8221; color=&#8221;success&#8221; size=&#8221;lg&#8221; align=&#8221;center&#8221; link=&#8221;url:http%3A%2F%2Fjardindurozay.fr%2Findex.php%2Fboutique%2F|title:Boutique&#8221;][\/vc_column][\/vc_row][vc_row container_width=&#8221;yes&#8221; css=&#8221;.vc_custom_1619537680184{padding-top: 80px !important;padding-bottom: 80px !important;background-image: url(http:\/\/jardindurozay.fr\/wp-content\/uploads\/revslider\/bakery_slider_one.jpg?id=1136) !important;background-position: center !important;background-repeat: no-repeat !important;background-size: cover !important;}&#8221;][vc_column][\/vc_column][\/vc_row][vc_row][vc_column][vc_separator color=&#8221;white&#8221;][vc_column_text]<\/p>\n<h1 style=\"text-align: center;\">Qu&#8217;est-ce qu&#8217;on mange ce soir ?<\/h1>\n<p>[\/vc_column_text][\/vc_column][\/vc_row][vc_row][vc_column][vc_empty_space height=&#8221;50&#8243;][vc_column_text]<\/p>\n<p style=\"text-align: center;\">En manque d&#8217;inspiration pour vos repas ? D\u00e9couvrez nos id\u00e9es recettes avec nos d\u00e9licieux l\u00e9gumes de saison !<\/p>\n<p>[\/vc_column_text][vc_zigzag color=&#8221;white&#8221;][vc_zigzag color=&#8221;white&#8221;][\/vc_column][\/vc_row][vc_row][vc_column][\/vc_column][\/vc_row][vc_row][vc_column][vc_masonry_grid post_type=&#8221;post&#8221; max_items=&#8221;6&#8243; style=&#8221;lazy&#8221; items_per_page=&#8221;6&#8243; element_width=&#8221;2&#8243; gap=&#8221;10&#8243; orderby=&#8221;parent&#8221; item=&#8221;basicGrid_GoTopSlideout&#8221; grid_id=&#8221;vc_gid:1645457451607-81da5c3e4c7df22e6178aa90d15944e9-1&#8243; taxonomies=&#8221;271, 276, 275, 274, 273, 272&#8243;][vc_zigzag color=&#8221;white&#8221;][vc_zigzag color=&#8221;white&#8221;][\/vc_column][\/vc_row][vc_row][vc_column][\/vc_column][\/vc_row][vc_row][vc_column][vc_column_text]<\/p>\n<div class=\"col-sm-5 space-bottom-xs content-column content-right-sm\" data-type=\"column\">\n<p class=\"\" style=\"text-align: center;\">Site r\u00e9alis\u00e9 en gr\u00e2ce \u00e0 l\u2019aide de la r\u00e9gion Auvergne-Rh\u00f4ne-Alpes.<\/p>\n<\/div>\n<p>[\/vc_column_text][\/vc_column][\/vc_row][vc_row][vc_column][\/vc_column][\/vc_row]<\/p>\n","protected":false},"excerpt":{"rendered":"<p>[vc_row][vc_column][\/vc_column][\/vc_row][vc_row container_width=&#8221;yes&#8221; content_placement=&#8221;middle&#8221; css=&#8221;.vc_custom_1620220822557{padding-top: 100px !important;padding-right: 100px !important;padding-bottom: 100px !important;padding-left: 100px !important;background-color: #fcfcfc !important;}&#8221;][vc_column css=&#8221;.vc_custom_1619106900491{background-position: center !important;background-repeat: no-repeat !important;background-size: cover !important;}&#8221;][vc_empty_space height=&#8221;45&#8243;][vc_single_image image=&#8221;1578&#8243; img_size=&#8221;medium&#8221; alignment=&#8221;center&#8221;][\/vc_column][\/vc_row][vc_row container_width=&#8221;yes&#8221; css=&#8221;.vc_custom_1619513407379{padding-top: 95px !important;padding-bottom: 100px !important;background-image: url(http:\/\/jardindurozay.fr\/wp-content\/uploads\/2021\/04\/Sans-titre-3-scaled.jpg?id=1244) !important;background-position: center !important;background-repeat: no-repeat !important;background-size: cover !important;}&#8221;][vc_column][\/vc_column][\/vc_row][vc_row container_width=&#8221;yes&#8221; css=&#8221;.vc_custom_1449480707558{padding-top: 105px !important;padding-bottom: 40px !important;}&#8221;][vc_column][vc_column_text] Ici, on plante, on r\u00e9colte, on vend !\u00a0 [\/vc_column_text][vc_empty_space height=&#8221;45&#8243;][vc_zigzag color=&#8221;white&#8221;][vc_zigzag color=&#8221;white&#8221;][vc_btn title=&#8221;D\u00e9couvrez tous nos&#8230;<\/p>\n<div><a href=\"https:\/\/jardindurozay.fr\/\" class=\"view-more\"><span>View more<\/span><\/a><\/div>\n","protected":false},"author":1,"featured_media":0,"parent":0,"menu_order":0,"comment_status":"closed","ping_status":"closed","template":"page-full-width.php","meta":{"advgb_blocks_editor_width":"","advgb_blocks_columns_visual_guide":"","wprm-recipe-roundup-name":"","wprm-recipe-roundup-description":""},"coauthors":[],"author_meta":{"author_link":"https:\/\/jardindurozay.fr\/index.php\/author\/admin5507\/","display_name":"admin5507"},"relative_dates":{"created":"Posted 10 ans ago","modified":"Updated 4 ans ago"},"absolute_dates":{"created":"Posted on 7 d\u00e9cembre 2015","modified":"Updated on 21 f\u00e9vrier 2022"},"absolute_dates_time":{"created":"Posted on 7 d\u00e9cembre 2015 8h02","modified":"Updated on 21 f\u00e9vrier 2022 16h31"},"featured_img_caption":"","_links":{"self":[{"href":"https:\/\/jardindurozay.fr\/index.php\/wp-json\/wp\/v2\/pages\/536"}],"collection":[{"href":"https:\/\/jardindurozay.fr\/index.php\/wp-json\/wp\/v2\/pages"}],"about":[{"href":"https:\/\/jardindurozay.fr\/index.php\/wp-json\/wp\/v2\/types\/page"}],"author":[{"embeddable":true,"href":"https:\/\/jardindurozay.fr\/index.php\/wp-json\/wp\/v2\/users\/1"}],"replies":[{"embeddable":true,"href":"https:\/\/jardindurozay.fr\/index.php\/wp-json\/wp\/v2\/comments?post=536"}],"version-history":[{"count":49,"href":"https:\/\/jardindurozay.fr\/index.php\/wp-json\/wp\/v2\/pages\/536\/revisions"}],"predecessor-version":[{"id":2691,"href":"https:\/\/jardindurozay.fr\/index.php\/wp-json\/wp\/v2\/pages\/536\/revisions\/2691"}],"wp:attachment":[{"href":"https:\/\/jardindurozay.fr\/index.php\/wp-json\/wp\/v2\/media?parent=536"}],"curies":[{"name":"wp","href":"https:\/\/api.w.org\/{rel}","templated":true}]}}