{"id":1201,"date":"2021-04-23T15:12:27","date_gmt":"2021-04-23T13:12:27","guid":{"rendered":"http:\/\/jardindurozay.fr\/?post_type=product&#038;p=1201"},"modified":"2026-04-06T19:55:07","modified_gmt":"2026-04-06T17:55:07","slug":"celeri-rave","status":"publish","type":"product","link":"https:\/\/jardindurozay.fr\/index.php\/produit\/celeri-rave\/","title":{"rendered":"C\u00e9leri rave"},"content":{"rendered":"","protected":false},"excerpt":{"rendered":"<p>Pr\u00e9voir environ 150-180g\/personne<\/p>\n<p>Le prix sera recalcul\u00e9 au moment du retrait de la commande en fonction du poids exact des produits command\u00e9s.<\/p>\n","protected":false},"author":1,"featured_media":2684,"template":"","meta":{"advgb_blocks_editor_width":"","advgb_blocks_columns_visual_guide":"","wprm-recipe-roundup-name":"","wprm-recipe-roundup-description":""},"featured_img":"https:\/\/jardindurozay.fr\/wp-content\/uploads\/2021\/04\/celeri-01.jpg","coauthors":[],"author_meta":{"author_link":"https:\/\/jardindurozay.fr\/index.php\/author\/admin5507\/","display_name":"admin5507"},"relative_dates":{"created":"Posted 5 ans ago","modified":"Updated 2 semaines ago"},"absolute_dates":{"created":"Posted on 23 avril 2021","modified":"Updated on 6 avril 2026"},"absolute_dates_time":{"created":"Posted on 23 avril 2021 15h12","modified":"Updated on 6 avril 2026 19h55"},"featured_img_caption":"","tax_additional":{"product_type":{"linked":["<a href=\"https:\/\/jardindurozay.fr\/?taxonomy=product_type&#038;term=variable\" class=\"advgb-post-tax-term\">variable<\/a>"],"unlinked":["<span class=\"advgb-post-tax-term\">variable<\/span>"],"slug":"product_type","name":"Type de produit"},"product_visibility":{"linked":[],"unlinked":[],"slug":"product_visibility","name":"Visibilit\u00e9 du produit"},"product_cat":{"linked":["<a href=\"https:\/\/jardindurozay.fr\/index.php\/categorie-produit\/legumes-racines\/\" class=\"advgb-post-tax-term\">L\u00e9gumes racines<\/a>"],"unlinked":["<span class=\"advgb-post-tax-term\">L\u00e9gumes racines<\/span>"],"slug":"product_cat","name":"Cat\u00e9gories de produits"},"product_tag":{"linked":[],"unlinked":[],"slug":"product_tag","name":"\u00c9tiquettes produit"},"product_shipping_class":{"linked":[],"unlinked":[],"slug":"product_shipping_class","name":"Classe d\u2019exp\u00e9dition du produit"},"pa_barquette":{"linked":[],"unlinked":[],"slug":"pa_barquette","name":"Produit Barquette"},"pa_couleur":{"linked":[],"unlinked":[],"slug":"pa_couleur","name":"Produit Couleur"},"pa_couleur-de-la-salade":{"linked":[],"unlinked":[],"slug":"pa_couleur-de-la-salade","name":"Produit Couleur de la salade"},"pa_grosseur":{"linked":[],"unlinked":[],"slug":"pa_grosseur","name":"Produit Grosseur"},"pa_quantite":{"linked":["<a href=\"https:\/\/jardindurozay.fr\/?taxonomy=pa_quantite&#038;term=0-5\" class=\"advgb-post-tax-term\">0.5 kg<\/a>","<a href=\"https:\/\/jardindurozay.fr\/?taxonomy=pa_quantite&#038;term=0750-kg\" class=\"advgb-post-tax-term\">0,750 kg<\/a>","<a href=\"https:\/\/jardindurozay.fr\/?taxonomy=pa_quantite&#038;term=1\" class=\"advgb-post-tax-term\">1 kg<\/a>","<a href=\"https:\/\/jardindurozay.fr\/?taxonomy=pa_quantite&#038;term=1250-kg\" class=\"advgb-post-tax-term\">1,250 kg<\/a>","<a href=\"https:\/\/jardindurozay.fr\/?taxonomy=pa_quantite&#038;term=1-5\" class=\"advgb-post-tax-term\">1.5 kg<\/a>"],"unlinked":["<span class=\"advgb-post-tax-term\">0.5 kg<\/span>","<span class=\"advgb-post-tax-term\">0,750 kg<\/span>","<span class=\"advgb-post-tax-term\">1 kg<\/span>","<span class=\"advgb-post-tax-term\">1,250 kg<\/span>","<span class=\"advgb-post-tax-term\">1.5 kg<\/span>"],"slug":"pa_quantite","name":"Produit Quantit\u00e9"},"pa_quantite-de-mache":{"linked":[],"unlinked":[],"slug":"pa_quantite-de-mache","name":"Produit Quantit\u00e9 de m\u00e2che"},"pa_sachet":{"linked":[],"unlinked":[],"slug":"pa_sachet","name":"Produit Sachet"},"pa_salade-1":{"linked":[],"unlinked":[],"slug":"pa_salade-1","name":"Produit Salade 1"},"pa_salade-2":{"linked":[],"unlinked":[],"slug":"pa_salade-2","name":"Produit Salade 2"},"pa_salade-3":{"linked":[],"unlinked":[],"slug":"pa_salade-3","name":"Produit Salade 3"},"pa_taille":{"linked":[],"unlinked":[],"slug":"pa_taille","name":"Produit Taille"},"product_boxed":{"linked":[],"unlinked":[],"slug":"product_boxed","name":"Boxes"}},"_links":{"self":[{"href":"https:\/\/jardindurozay.fr\/index.php\/wp-json\/wp\/v2\/product\/1201"}],"collection":[{"href":"https:\/\/jardindurozay.fr\/index.php\/wp-json\/wp\/v2\/product"}],"about":[{"href":"https:\/\/jardindurozay.fr\/index.php\/wp-json\/wp\/v2\/types\/product"}],"wp:featuredmedia":[{"embeddable":true,"href":"https:\/\/jardindurozay.fr\/index.php\/wp-json\/wp\/v2\/media\/2684"}],"wp:attachment":[{"href":"https:\/\/jardindurozay.fr\/index.php\/wp-json\/wp\/v2\/media?parent=1201"}],"curies":[{"name":"wp","href":"https:\/\/api.w.org\/{rel}","templated":true}]}}