{"id":1638,"date":"2021-05-10T14:37:32","date_gmt":"2021-05-10T12:37:32","guid":{"rendered":"https:\/\/jardindurozay.fr\/?post_type=product&#038;p=1638"},"modified":"2026-04-11T01:59:46","modified_gmt":"2026-04-10T23:59:46","slug":"feuille-de-chene","status":"publish","type":"product","link":"https:\/\/jardindurozay.fr\/index.php\/produit\/feuille-de-chene\/","title":{"rendered":"Salade"},"content":{"rendered":"","protected":false},"excerpt":{"rendered":"<p>(0,90\u20ac pi\u00e8ce)\u00a0<strong>Tarif sp\u00e9cial pour l&#8217;achat de 3 salades !<\/strong><\/p>\n<p><\/p>\n<p>Salade choisie en fonction des r\u00e9coltes<\/p>\n","protected":false},"author":1,"featured_media":1803,"template":"","meta":{"advgb_blocks_editor_width":"","advgb_blocks_columns_visual_guide":"","wprm-recipe-roundup-name":"","wprm-recipe-roundup-description":""},"featured_img":"https:\/\/jardindurozay.fr\/wp-content\/uploads\/2021\/05\/salades-laitue_Plan-de-travail-1-scaled.jpg","coauthors":[],"author_meta":{"author_link":"https:\/\/jardindurozay.fr\/index.php\/author\/admin5507\/","display_name":"admin5507"},"relative_dates":{"created":"Posted 5 ans ago","modified":"Updated 4 jours ago"},"absolute_dates":{"created":"Posted on 10 mai 2021","modified":"Updated on 11 avril 2026"},"absolute_dates_time":{"created":"Posted on 10 mai 2021 14h37","modified":"Updated on 11 avril 2026 1h59"},"featured_img_caption":"","tax_additional":{"product_type":{"linked":["<a href=\"https:\/\/jardindurozay.fr\/?taxonomy=product_type&#038;term=variable\" class=\"advgb-post-tax-term\">variable<\/a>"],"unlinked":["<span class=\"advgb-post-tax-term\">variable<\/span>"],"slug":"product_type","name":"Type de produit"},"product_visibility":{"linked":[],"unlinked":[],"slug":"product_visibility","name":"Visibilit\u00e9 du produit"},"product_cat":{"linked":["<a href=\"https:\/\/jardindurozay.fr\/index.php\/categorie-produit\/salades\/\" class=\"advgb-post-tax-term\">Salades<\/a>"],"unlinked":["<span class=\"advgb-post-tax-term\">Salades<\/span>"],"slug":"product_cat","name":"Cat\u00e9gories de produits"},"product_tag":{"linked":[],"unlinked":[],"slug":"product_tag","name":"\u00c9tiquettes produit"},"product_shipping_class":{"linked":[],"unlinked":[],"slug":"product_shipping_class","name":"Classe d\u2019exp\u00e9dition du produit"},"pa_barquette":{"linked":[],"unlinked":[],"slug":"pa_barquette","name":"Produit Barquette"},"pa_couleur":{"linked":[],"unlinked":[],"slug":"pa_couleur","name":"Produit Couleur"},"pa_couleur-de-la-salade":{"linked":["<a href=\"https:\/\/jardindurozay.fr\/?taxonomy=pa_couleur-de-la-salade&#038;term=blonde\" class=\"advgb-post-tax-term\">Blonde<\/a>","<a href=\"https:\/\/jardindurozay.fr\/?taxonomy=pa_couleur-de-la-salade&#038;term=brune\" class=\"advgb-post-tax-term\">Brune<\/a>"],"unlinked":["<span class=\"advgb-post-tax-term\">Blonde<\/span>","<span class=\"advgb-post-tax-term\">Brune<\/span>"],"slug":"pa_couleur-de-la-salade","name":"Produit Couleur de la salade"},"pa_grosseur":{"linked":[],"unlinked":[],"slug":"pa_grosseur","name":"Produit Grosseur"},"pa_quantite":{"linked":[],"unlinked":[],"slug":"pa_quantite","name":"Produit Quantit\u00e9"},"pa_quantite-de-mache":{"linked":[],"unlinked":[],"slug":"pa_quantite-de-mache","name":"Produit Quantit\u00e9 de m\u00e2che"},"pa_sachet":{"linked":[],"unlinked":[],"slug":"pa_sachet","name":"Produit Sachet"},"pa_salade-1":{"linked":[],"unlinked":[],"slug":"pa_salade-1","name":"Produit Salade 1"},"pa_salade-2":{"linked":[],"unlinked":[],"slug":"pa_salade-2","name":"Produit Salade 2"},"pa_salade-3":{"linked":[],"unlinked":[],"slug":"pa_salade-3","name":"Produit Salade 3"},"pa_taille":{"linked":[],"unlinked":[],"slug":"pa_taille","name":"Produit Taille"},"product_boxed":{"linked":[],"unlinked":[],"slug":"product_boxed","name":"Boxes"}},"_links":{"self":[{"href":"https:\/\/jardindurozay.fr\/index.php\/wp-json\/wp\/v2\/product\/1638"}],"collection":[{"href":"https:\/\/jardindurozay.fr\/index.php\/wp-json\/wp\/v2\/product"}],"about":[{"href":"https:\/\/jardindurozay.fr\/index.php\/wp-json\/wp\/v2\/types\/product"}],"wp:featuredmedia":[{"embeddable":true,"href":"https:\/\/jardindurozay.fr\/index.php\/wp-json\/wp\/v2\/media\/1803"}],"wp:attachment":[{"href":"https:\/\/jardindurozay.fr\/index.php\/wp-json\/wp\/v2\/media?parent=1638"}],"curies":[{"name":"wp","href":"https:\/\/api.w.org\/{rel}","templated":true}]}}