{"id":3259,"date":"2023-02-13T11:12:25","date_gmt":"2023-02-13T10:12:25","guid":{"rendered":"https:\/\/jardindurozay.fr\/?post_type=product&#038;p=3259"},"modified":"2026-04-08T17:20:11","modified_gmt":"2026-04-08T15:20:11","slug":"lentilles-500-g","status":"publish","type":"product","link":"https:\/\/jardindurozay.fr\/index.php\/produit\/lentilles-500-g\/","title":{"rendered":"Lentilles 500g (3,40\u20ac le sachet)"},"content":{"rendered":"","protected":false},"excerpt":{"rendered":"<p>3.40 \u20ac le\u00a0 sachet<\/p>\n","protected":false},"author":1,"featured_media":3256,"template":"","meta":{"advgb_blocks_editor_width":"","advgb_blocks_columns_visual_guide":"","wprm-recipe-roundup-name":"","wprm-recipe-roundup-description":""},"featured_img":"https:\/\/jardindurozay.fr\/wp-content\/uploads\/2021\/05\/IMG_8482-scaled.jpeg","coauthors":[],"author_meta":{"author_link":"https:\/\/jardindurozay.fr\/index.php\/author\/admin5507\/","display_name":"admin5507"},"relative_dates":{"created":"Posted 3 ans ago","modified":"Updated 2 semaines ago"},"absolute_dates":{"created":"Posted on 13 f\u00e9vrier 2023","modified":"Updated on 8 avril 2026"},"absolute_dates_time":{"created":"Posted on 13 f\u00e9vrier 2023 11h12","modified":"Updated on 8 avril 2026 17h20"},"featured_img_caption":"","tax_additional":{"product_type":{"linked":["<a href=\"https:\/\/jardindurozay.fr\/?taxonomy=product_type&#038;term=variable\" class=\"advgb-post-tax-term\">variable<\/a>"],"unlinked":["<span class=\"advgb-post-tax-term\">variable<\/span>"],"slug":"product_type","name":"Type de produit"},"product_visibility":{"linked":[],"unlinked":[],"slug":"product_visibility","name":"Visibilit\u00e9 du produit"},"product_cat":{"linked":["<a href=\"https:\/\/jardindurozay.fr\/index.php\/categorie-produit\/legumes-secs\/\" class=\"advgb-post-tax-term\">L\u00e9gumes secs<\/a>"],"unlinked":["<span class=\"advgb-post-tax-term\">L\u00e9gumes secs<\/span>"],"slug":"product_cat","name":"Cat\u00e9gories de produits"},"product_tag":{"linked":[],"unlinked":[],"slug":"product_tag","name":"\u00c9tiquettes produit"},"product_shipping_class":{"linked":[],"unlinked":[],"slug":"product_shipping_class","name":"Classe d\u2019exp\u00e9dition du produit"},"pa_barquette":{"linked":[],"unlinked":[],"slug":"pa_barquette","name":"Produit Barquette"},"pa_couleur":{"linked":[],"unlinked":[],"slug":"pa_couleur","name":"Produit Couleur"},"pa_couleur-de-la-salade":{"linked":[],"unlinked":[],"slug":"pa_couleur-de-la-salade","name":"Produit Couleur de la salade"},"pa_grosseur":{"linked":[],"unlinked":[],"slug":"pa_grosseur","name":"Produit Grosseur"},"pa_quantite":{"linked":[],"unlinked":[],"slug":"pa_quantite","name":"Produit Quantit\u00e9"},"pa_quantite-de-mache":{"linked":[],"unlinked":[],"slug":"pa_quantite-de-mache","name":"Produit Quantit\u00e9 de m\u00e2che"},"pa_sachet":{"linked":["<a href=\"https:\/\/jardindurozay.fr\/?taxonomy=pa_sachet&#038;term=250\" class=\"advgb-post-tax-term\">0,250 kg<\/a>","<a href=\"https:\/\/jardindurozay.fr\/?taxonomy=pa_sachet&#038;term=500\" class=\"advgb-post-tax-term\">0,5 kg<\/a>"],"unlinked":["<span class=\"advgb-post-tax-term\">0,250 kg<\/span>","<span class=\"advgb-post-tax-term\">0,5 kg<\/span>"],"slug":"pa_sachet","name":"Produit Sachet"},"pa_salade-1":{"linked":[],"unlinked":[],"slug":"pa_salade-1","name":"Produit Salade 1"},"pa_salade-2":{"linked":[],"unlinked":[],"slug":"pa_salade-2","name":"Produit Salade 2"},"pa_salade-3":{"linked":[],"unlinked":[],"slug":"pa_salade-3","name":"Produit Salade 3"},"pa_taille":{"linked":[],"unlinked":[],"slug":"pa_taille","name":"Produit Taille"},"product_boxed":{"linked":[],"unlinked":[],"slug":"product_boxed","name":"Boxes"}},"_links":{"self":[{"href":"https:\/\/jardindurozay.fr\/index.php\/wp-json\/wp\/v2\/product\/3259"}],"collection":[{"href":"https:\/\/jardindurozay.fr\/index.php\/wp-json\/wp\/v2\/product"}],"about":[{"href":"https:\/\/jardindurozay.fr\/index.php\/wp-json\/wp\/v2\/types\/product"}],"wp:featuredmedia":[{"embeddable":true,"href":"https:\/\/jardindurozay.fr\/index.php\/wp-json\/wp\/v2\/media\/3256"}],"wp:attachment":[{"href":"https:\/\/jardindurozay.fr\/index.php\/wp-json\/wp\/v2\/media?parent=3259"}],"curies":[{"name":"wp","href":"https:\/\/api.w.org\/{rel}","templated":true}]}}